{"id":3221,"date":"2025-02-10T15:59:46","date_gmt":"2025-02-10T15:59:46","guid":{"rendered":"https:\/\/sudefensor.cl\/?page_id=3221"},"modified":"2025-02-10T20:07:54","modified_gmt":"2025-02-10T20:07:54","slug":"archivos-de-casos","status":"publish","type":"page","link":"https:\/\/sudefensor.cl\/?page_id=3221","title":{"rendered":"Archivos de casos"},"content":{"rendered":"\t\t<div data-elementor-type=\"wp-page\" data-elementor-id=\"3221\" class=\"elementor elementor-3221\" data-elementor-post-type=\"page\">\n\t\t\t\t<div class=\"elementor-element elementor-element-2ed8bd7f e-flex e-con-boxed e-con e-parent\" data-id=\"2ed8bd7f\" data-element_type=\"container\" data-e-type=\"container\" data-settings=\"{&quot;background_background&quot;:&quot;classic&quot;}\">\n\t\t\t\t\t<div class=\"e-con-inner\">\n\t\t<div class=\"elementor-element elementor-element-7ff2b91d e-con-full e-flex e-con e-child\" data-id=\"7ff2b91d\" data-element_type=\"container\" data-e-type=\"container\">\n\t\t\t\t<div class=\"elementor-element elementor-element-2d0002eb elementor-widget elementor-widget-heading\" data-id=\"2d0002eb\" data-element_type=\"widget\" data-e-type=\"widget\" data-widget_type=\"heading.default\">\n\t\t\t\t<div class=\"elementor-widget-container\">\n\t\t\t\t\t<h1 class=\"elementor-heading-title elementor-size-default\">Archivos<\/h1>\t\t\t\t<\/div>\n\t\t\t\t<\/div>\n\t\t\t\t<\/div>\n\t\t\t\t\t<\/div>\n\t\t\t\t<\/div>\n\t\t<div class=\"elementor-element elementor-element-1cc3bd9 e-flex e-con-boxed e-con e-parent\" data-id=\"1cc3bd9\" data-element_type=\"container\" data-e-type=\"container\">\n\t\t\t\t\t<div class=\"e-con-inner\">\n\t\t\t\t<div class=\"elementor-element elementor-element-94ad854 elementor-widget elementor-widget-spacer\" data-id=\"94ad854\" data-element_type=\"widget\" data-e-type=\"widget\" data-widget_type=\"spacer.default\">\n\t\t\t\t<div class=\"elementor-widget-container\">\n\t\t\t\t\t\t\t<div class=\"elementor-spacer\">\n\t\t\t<div class=\"elementor-spacer-inner\"><\/div>\n\t\t<\/div>\n\t\t\t\t\t\t<\/div>\n\t\t\t\t<\/div>\n\t\t\t\t\t<\/div>\n\t\t\t\t<\/div>\n\t\t<div class=\"elementor-element elementor-element-db7924b elementor-hidden-desktop e-flex e-con-boxed e-con e-parent\" data-id=\"db7924b\" data-element_type=\"container\" data-e-type=\"container\">\n\t\t\t\t\t<div class=\"e-con-inner\">\n\t\t<div class=\"elementor-element elementor-element-80c4ad3 e-con-full e-flex e-con e-child\" data-id=\"80c4ad3\" data-element_type=\"container\" data-e-type=\"container\">\n\t\t\t\t<div class=\"elementor-element elementor-element-d03d7d7 elementor-widget elementor-widget-heading\" data-id=\"d03d7d7\" data-element_type=\"widget\" data-e-type=\"widget\" data-widget_type=\"heading.default\">\n\t\t\t\t<div class=\"elementor-widget-container\">\n\t\t\t\t\t<h2 class=\"elementor-heading-title elementor-size-default\">Sentencia Penal Cabello 541 dias por microtr\u00e1fico y absoluci\u00f3n por armas.<\/h2>\t\t\t\t<\/div>\n\t\t\t\t<\/div>\n\t\t\t\t<div class=\"elementor-element elementor-element-399622e elementor-widget elementor-widget-bae-pdf-native-embedder\" data-id=\"399622e\" data-element_type=\"widget\" data-e-type=\"widget\" data-widget_type=\"bae-pdf-native-embedder.default\">\n\t\t\t\t<div class=\"elementor-widget-container\">\n\t\t\t\t\t\t\t<div class =\"native_style\">\n\t\t\t     \t\t<div class=\"download\">\n\t\t\t\t\t\t\t<\/div>\n\t\t<\/div>\n\t\t\t\t<div class=\"my_native\">\n\t\t\t<iframe src=\"https:\/\/sudefensor.cl\/wp-content\/uploads\/2025\/02\/01.-Sentencia-Penal-Cabello-541-d\u00a1as-por-microtr-fico-y-absoluci\u00a2n-por-armas.pdf\"><\/iframe>\n\t\t<\/div>\n\t\t\t\t\t<\/div>\n\t\t\t\t<\/div>\n\t\t\t\t<\/div>\n\t\t<div class=\"elementor-element elementor-element-9589b0b e-con-full e-flex e-con e-child\" data-id=\"9589b0b\" data-element_type=\"container\" data-e-type=\"container\">\n\t\t\t\t<div class=\"elementor-element elementor-element-cff094b elementor-widget elementor-widget-heading\" data-id=\"cff094b\" data-element_type=\"widget\" data-e-type=\"widget\" data-widget_type=\"heading.default\">\n\t\t\t\t<div class=\"elementor-widget-container\">\n\t\t\t\t\t<h2 class=\"elementor-heading-title elementor-size-default\">Sentencia laboral por accidente<\/h2>\t\t\t\t<\/div>\n\t\t\t\t<\/div>\n\t\t\t\t<div class=\"elementor-element elementor-element-b922701 elementor-widget elementor-widget-bae-pdf-native-embedder\" data-id=\"b922701\" data-element_type=\"widget\" data-e-type=\"widget\" data-widget_type=\"bae-pdf-native-embedder.default\">\n\t\t\t\t<div class=\"elementor-widget-container\">\n\t\t\t\t\t\t\t<div class =\"native_style\">\n\t\t\t     \t\t<div class=\"download\">\n\t\t\t\t\t\t\t<\/div>\n\t\t<\/div>\n\t\t\t\t<div class=\"my_native\">\n\t\t\t<iframe src=\"https:\/\/sudefensor.cl\/wp-content\/uploads\/2025\/02\/02.-Sentencia-laboral-por-accidente.pdf\"><\/iframe>\n\t\t<\/div>\n\t\t\t\t\t<\/div>\n\t\t\t\t<\/div>\n\t\t\t\t<\/div>\n\t\t\t\t\t<\/div>\n\t\t\t\t<\/div>\n\t\t<div class=\"elementor-element elementor-element-b5dd5dc elementor-hidden-tablet elementor-hidden-mobile e-flex e-con-boxed e-con e-parent\" data-id=\"b5dd5dc\" data-element_type=\"container\" data-e-type=\"container\">\n\t\t\t\t\t<div class=\"e-con-inner\">\n\t\t<div class=\"elementor-element elementor-element-530d913 e-con-full e-flex e-con e-child\" data-id=\"530d913\" data-element_type=\"container\" data-e-type=\"container\">\n\t\t\t\t<div class=\"elementor-element elementor-element-48949d6 elementor-widget elementor-widget-heading\" data-id=\"48949d6\" data-element_type=\"widget\" data-e-type=\"widget\" data-widget_type=\"heading.default\">\n\t\t\t\t<div class=\"elementor-widget-container\">\n\t\t\t\t\t<h2 class=\"elementor-heading-title elementor-size-default\">Sentencia Penal Cabello 541 dias por microtrafico y absoluci\u00f3n por armas.<\/h2>\t\t\t\t<\/div>\n\t\t\t\t<\/div>\n\t\t\t\t<div class=\"elementor-element elementor-element-2eefe79 elementor-widget elementor-widget-bae-pdf-native-embedder\" data-id=\"2eefe79\" data-element_type=\"widget\" data-e-type=\"widget\" data-widget_type=\"bae-pdf-native-embedder.default\">\n\t\t\t\t<div class=\"elementor-widget-container\">\n\t\t\t\t\t\t\t<div class =\"native_style\">\n\t\t\t     \t\t<div class=\"download\">\n\t\t\t\t\t\t\t<\/div>\n\t\t<\/div>\n\t\t\t\t<div class=\"my_native\">\n\t\t\t<iframe src=\"https:\/\/sudefensor.cl\/wp-content\/uploads\/2025\/02\/01.-Sentencia-Penal-Cabello-541-d\u00a1as-por-microtr-fico-y-absoluci\u00a2n-por-armas.pdf\"><\/iframe>\n\t\t<\/div>\n\t\t\t\t\t<\/div>\n\t\t\t\t<\/div>\n\t\t\t\t<\/div>\n\t\t<div class=\"elementor-element elementor-element-9da10bc e-con-full e-flex e-con e-child\" data-id=\"9da10bc\" data-element_type=\"container\" data-e-type=\"container\">\n\t\t\t\t<div class=\"elementor-element elementor-element-39491ba elementor-widget elementor-widget-heading\" data-id=\"39491ba\" data-element_type=\"widget\" data-e-type=\"widget\" data-widget_type=\"heading.default\">\n\t\t\t\t<div class=\"elementor-widget-container\">\n\t\t\t\t\t<h2 class=\"elementor-heading-title elementor-size-default\">Sentencia laboral por accidente<br>  <br>  <\/h2>\t\t\t\t<\/div>\n\t\t\t\t<\/div>\n\t\t\t\t<div class=\"elementor-element elementor-element-3f477b1 elementor-widget elementor-widget-bae-pdf-native-embedder\" data-id=\"3f477b1\" data-element_type=\"widget\" data-e-type=\"widget\" data-widget_type=\"bae-pdf-native-embedder.default\">\n\t\t\t\t<div class=\"elementor-widget-container\">\n\t\t\t\t\t\t\t<div class =\"native_style\">\n\t\t\t     \t\t<div class=\"download\">\n\t\t\t\t\t\t\t<\/div>\n\t\t<\/div>\n\t\t\t\t<div class=\"my_native\">\n\t\t\t<iframe src=\"https:\/\/sudefensor.cl\/wp-content\/uploads\/2025\/02\/02.-Sentencia-laboral-por-accidente.pdf\"><\/iframe>\n\t\t<\/div>\n\t\t\t\t\t<\/div>\n\t\t\t\t<\/div>\n\t\t\t\t<\/div>\n\t\t\t\t\t<\/div>\n\t\t\t\t<\/div>\n\t\t<div class=\"elementor-element elementor-element-fa6d119 elementor-hidden-desktop e-flex e-con-boxed e-con e-parent\" data-id=\"fa6d119\" data-element_type=\"container\" data-e-type=\"container\">\n\t\t\t\t\t<div class=\"e-con-inner\">\n\t\t<div class=\"elementor-element elementor-element-4be71c7 e-con-full e-flex e-con e-child\" data-id=\"4be71c7\" data-element_type=\"container\" data-e-type=\"container\">\n\t\t\t\t<div class=\"elementor-element elementor-element-acb27ab elementor-widget elementor-widget-heading\" data-id=\"acb27ab\" data-element_type=\"widget\" data-e-type=\"widget\" data-widget_type=\"heading.default\">\n\t\t\t\t<div class=\"elementor-widget-container\">\n\t\t\t\t\t<h2 class=\"elementor-heading-title elementor-size-default\">Civil, revocatoria donde se obtiene indemnizaci\u00f3n de $60.000.000<\/h2>\t\t\t\t<\/div>\n\t\t\t\t<\/div>\n\t\t\t\t<div class=\"elementor-element elementor-element-4cfab7f elementor-widget elementor-widget-bae-pdf-native-embedder\" data-id=\"4cfab7f\" data-element_type=\"widget\" data-e-type=\"widget\" data-widget_type=\"bae-pdf-native-embedder.default\">\n\t\t\t\t<div class=\"elementor-widget-container\">\n\t\t\t\t\t\t\t<div class =\"native_style\">\n\t\t\t     \t\t<div class=\"download\">\n\t\t\t\t\t\t\t<\/div>\n\t\t<\/div>\n\t\t\t\t<div class=\"my_native\">\n\t\t\t<iframe src=\"https:\/\/sudefensor.cl\/wp-content\/uploads\/2025\/02\/03.-Civil-revocatoria-donde-se-obtiene-indemnizaci\u0e02n-de-60.000.000.pdf\"><\/iframe>\n\t\t<\/div>\n\t\t\t\t\t<\/div>\n\t\t\t\t<\/div>\n\t\t\t\t<\/div>\n\t\t<div class=\"elementor-element elementor-element-4768328 e-con-full e-flex e-con e-child\" data-id=\"4768328\" data-element_type=\"container\" data-e-type=\"container\">\n\t\t\t\t<div class=\"elementor-element elementor-element-ebe0e78 elementor-widget elementor-widget-heading\" data-id=\"ebe0e78\" data-element_type=\"widget\" data-e-type=\"widget\" data-widget_type=\"heading.default\">\n\t\t\t\t<div class=\"elementor-widget-container\">\n\t\t\t\t\t<h2 class=\"elementor-heading-title elementor-size-default\">Corte suprema prescripci\u00f3n en juicio civil Santiba\u00f1ez<\/h2>\t\t\t\t<\/div>\n\t\t\t\t<\/div>\n\t\t\t\t<div class=\"elementor-element elementor-element-0c7bd60 elementor-widget elementor-widget-bae-pdf-native-embedder\" data-id=\"0c7bd60\" data-element_type=\"widget\" data-e-type=\"widget\" data-widget_type=\"bae-pdf-native-embedder.default\">\n\t\t\t\t<div class=\"elementor-widget-container\">\n\t\t\t\t\t\t\t<div class =\"native_style\">\n\t\t\t     \t\t<div class=\"download\">\n\t\t\t\t\t\t\t<\/div>\n\t\t<\/div>\n\t\t\t\t<div class=\"my_native\">\n\t\t\t<iframe src=\"https:\/\/sudefensor.cl\/wp-content\/uploads\/2025\/02\/04.-Corte-suprema-prescripci\u0e02n-en-juicio-civil-Santiba\u0e04ez.pdf\"><\/iframe>\n\t\t<\/div>\n\t\t\t\t\t<\/div>\n\t\t\t\t<\/div>\n\t\t\t\t<\/div>\n\t\t\t\t\t<\/div>\n\t\t\t\t<\/div>\n\t\t<div class=\"elementor-element elementor-element-6c227c0 elementor-hidden-tablet elementor-hidden-mobile e-flex e-con-boxed e-con e-parent\" data-id=\"6c227c0\" data-element_type=\"container\" data-e-type=\"container\">\n\t\t\t\t\t<div class=\"e-con-inner\">\n\t\t<div class=\"elementor-element elementor-element-214ff6c e-con-full e-flex e-con e-child\" data-id=\"214ff6c\" data-element_type=\"container\" data-e-type=\"container\">\n\t\t\t\t<div class=\"elementor-element elementor-element-2da6c98 elementor-widget elementor-widget-heading\" data-id=\"2da6c98\" data-element_type=\"widget\" data-e-type=\"widget\" data-widget_type=\"heading.default\">\n\t\t\t\t<div class=\"elementor-widget-container\">\n\t\t\t\t\t<h2 class=\"elementor-heading-title elementor-size-default\">Civil, revocatoria donde se obtiene indemnizaci\u00f3n de $60.000.000<\/h2>\t\t\t\t<\/div>\n\t\t\t\t<\/div>\n\t\t\t\t<div class=\"elementor-element elementor-element-8cfa858 elementor-widget elementor-widget-bae-pdf-native-embedder\" data-id=\"8cfa858\" data-element_type=\"widget\" data-e-type=\"widget\" data-widget_type=\"bae-pdf-native-embedder.default\">\n\t\t\t\t<div class=\"elementor-widget-container\">\n\t\t\t\t\t\t\t<div class =\"native_style\">\n\t\t\t     \t\t<div class=\"download\">\n\t\t\t\t\t\t\t<\/div>\n\t\t<\/div>\n\t\t\t\t<div class=\"my_native\">\n\t\t\t<iframe src=\"https:\/\/sudefensor.cl\/wp-content\/uploads\/2025\/02\/03.-Civil-revocatoria-donde-se-obtiene-indemnizaci\u0e02n-de-60.000.000.pdf\"><\/iframe>\n\t\t<\/div>\n\t\t\t\t\t<\/div>\n\t\t\t\t<\/div>\n\t\t\t\t<\/div>\n\t\t<div class=\"elementor-element elementor-element-067acb5 e-con-full e-flex e-con e-child\" data-id=\"067acb5\" data-element_type=\"container\" data-e-type=\"container\">\n\t\t\t\t<div class=\"elementor-element elementor-element-f9a28e1 elementor-widget elementor-widget-heading\" data-id=\"f9a28e1\" data-element_type=\"widget\" data-e-type=\"widget\" data-widget_type=\"heading.default\">\n\t\t\t\t<div class=\"elementor-widget-container\">\n\t\t\t\t\t<h2 class=\"elementor-heading-title elementor-size-default\">Corte suprema prescripci\u00f3n en juicio civil Santiba\u00f1ez<\/h2>\t\t\t\t<\/div>\n\t\t\t\t<\/div>\n\t\t\t\t<div class=\"elementor-element elementor-element-defcb0a elementor-widget elementor-widget-bae-pdf-native-embedder\" data-id=\"defcb0a\" data-element_type=\"widget\" data-e-type=\"widget\" data-widget_type=\"bae-pdf-native-embedder.default\">\n\t\t\t\t<div class=\"elementor-widget-container\">\n\t\t\t\t\t\t\t<div class =\"native_style\">\n\t\t\t     \t\t<div class=\"download\">\n\t\t\t\t\t\t\t<\/div>\n\t\t<\/div>\n\t\t\t\t<div class=\"my_native\">\n\t\t\t<iframe src=\"https:\/\/sudefensor.cl\/wp-content\/uploads\/2025\/02\/04.-Corte-suprema-prescripci\u0e02n-en-juicio-civil-Santiba\u0e04ez.pdf\"><\/iframe>\n\t\t<\/div>\n\t\t\t\t\t<\/div>\n\t\t\t\t<\/div>\n\t\t\t\t<\/div>\n\t\t\t\t\t<\/div>\n\t\t\t\t<\/div>\n\t\t\t\t<\/div>\n\t\t","protected":false},"excerpt":{"rendered":"<p>Archivos Sentencia Penal Cabello 541 dias por microtr\u00e1fico y absoluci\u00f3n por armas. Descargar Archivo Sentencia laboral por accidente Descargar Archivo Sentencia Penal Cabello 541 dias por microtrafico y absoluci\u00f3n por armas. Sentencia laboral por accidente Civil, revocatoria donde se obtiene indemnizaci\u00f3n de $60.000.000 Descargar Archivo Corte suprema prescripci\u00f3n en juicio civil Santiba\u00f1ez Descargar Archivo Civil, [&hellip;]<\/p>\n","protected":false},"author":1,"featured_media":0,"parent":0,"menu_order":0,"comment_status":"closed","ping_status":"closed","template":"","meta":{"site-sidebar-layout":"no-sidebar","site-content-layout":"page-builder","ast-site-content-layout":"full-width-container","site-content-style":"default","site-sidebar-style":"default","ast-global-header-display":"","ast-banner-title-visibility":"","ast-main-header-display":"","ast-hfb-above-header-display":"","ast-hfb-below-header-display":"","ast-hfb-mobile-header-display":"","site-post-title":"disabled","ast-breadcrumbs-content":"","ast-featured-img":"disabled","footer-sml-layout":"","theme-transparent-header-meta":"","adv-header-id-meta":"","stick-header-meta":"","header-above-stick-meta":"","header-main-stick-meta":"","header-below-stick-meta":"","astra-migrate-meta-layouts":"set","ast-page-background-enabled":"default","ast-page-background-meta":{"desktop":{"background-color":"","background-image":"","background-repeat":"repeat","background-position":"center center","background-size":"auto","background-attachment":"scroll","background-type":"","background-media":"","overlay-type":"","overlay-color":"","overlay-opacity":"","overlay-gradient":""},"tablet":{"background-color":"","background-image":"","background-repeat":"repeat","background-position":"center center","background-size":"auto","background-attachment":"scroll","background-type":"","background-media":"","overlay-type":"","overlay-color":"","overlay-opacity":"","overlay-gradient":""},"mobile":{"background-color":"","background-image":"","background-repeat":"repeat","background-position":"center center","background-size":"auto","background-attachment":"scroll","background-type":"","background-media":"","overlay-type":"","overlay-color":"","overlay-opacity":"","overlay-gradient":""}},"ast-content-background-meta":{"desktop":{"background-color":"var(--ast-global-color-5)","background-image":"","background-repeat":"repeat","background-position":"center center","background-size":"auto","background-attachment":"scroll","background-type":"","background-media":"","overlay-type":"","overlay-color":"","overlay-opacity":"","overlay-gradient":""},"tablet":{"background-color":"var(--ast-global-color-5)","background-image":"","background-repeat":"repeat","background-position":"center center","background-size":"auto","background-attachment":"scroll","background-type":"","background-media":"","overlay-type":"","overlay-color":"","overlay-opacity":"","overlay-gradient":""},"mobile":{"background-color":"var(--ast-global-color-5)","background-image":"","background-repeat":"repeat","background-position":"center center","background-size":"auto","background-attachment":"scroll","background-type":"","background-media":"","overlay-type":"","overlay-color":"","overlay-opacity":"","overlay-gradient":""}},"footnotes":""},"class_list":["post-3221","page","type-page","status-publish","hentry"],"_links":{"self":[{"href":"https:\/\/sudefensor.cl\/index.php?rest_route=\/wp\/v2\/pages\/3221","targetHints":{"allow":["GET"]}}],"collection":[{"href":"https:\/\/sudefensor.cl\/index.php?rest_route=\/wp\/v2\/pages"}],"about":[{"href":"https:\/\/sudefensor.cl\/index.php?rest_route=\/wp\/v2\/types\/page"}],"author":[{"embeddable":true,"href":"https:\/\/sudefensor.cl\/index.php?rest_route=\/wp\/v2\/users\/1"}],"replies":[{"embeddable":true,"href":"https:\/\/sudefensor.cl\/index.php?rest_route=%2Fwp%2Fv2%2Fcomments&post=3221"}],"version-history":[{"count":70,"href":"https:\/\/sudefensor.cl\/index.php?rest_route=\/wp\/v2\/pages\/3221\/revisions"}],"predecessor-version":[{"id":3402,"href":"https:\/\/sudefensor.cl\/index.php?rest_route=\/wp\/v2\/pages\/3221\/revisions\/3402"}],"wp:attachment":[{"href":"https:\/\/sudefensor.cl\/index.php?rest_route=%2Fwp%2Fv2%2Fmedia&parent=3221"}],"curies":[{"name":"wp","href":"https:\/\/api.w.org\/{rel}","templated":true}]}}